{"id":3749,"date":"2015-04-27T08:52:28","date_gmt":"2015-04-27T07:52:28","guid":{"rendered":"http:\/\/www.ark.ac.uk\/ap\/?page_id=3749"},"modified":"2015-05-05T17:42:24","modified_gmt":"2015-05-05T16:42:24","slug":"ageing-through-austerity","status":"publish","type":"page","link":"https:\/\/www.ark.ac.uk\/ap\/publications\/ageing-through-austerity\/","title":{"rendered":"Ageing through Austerity"},"content":{"rendered":"<p><strong><a href=\"http:\/\/www.ark.ac.uk\/ap\/wp-content\/uploads\/2015\/04\/austerity.jpg\"><img loading=\"lazy\" decoding=\"async\" class=\"size-medium wp-image-3752 alignright\" src=\"http:\/\/www.ark.ac.uk\/ap\/wp-content\/uploads\/2015\/04\/austerity-218x300.jpg\" alt=\"austerity\" width=\"218\" height=\"300\" srcset=\"https:\/\/www.ark.ac.uk\/ap\/wp-content\/uploads\/2015\/04\/austerity-218x300.jpg 218w, https:\/\/www.ark.ac.uk\/ap\/wp-content\/uploads\/2015\/04\/austerity.jpg 283w\" sizes=\"auto, (max-width: 218px) 100vw, 218px\" \/><\/a>Ageing through austerity: Critical perspectives from Ireland<\/strong>, edited by Kieran Walsh, Gemma M Carney and \u00c1ine N\u00ed L\u00e9ime, Published in March 2015 by Policy Press<\/p>\n<p><em>Contents:<\/em><\/p>\n<ul>\n<li>Foreword ~ Alan Walker<\/li>\n<li>Introduction &#8211; social policy and ageing through austerity ~ Kieran Walsh, Gemma M. Carney and \u00c1ine N\u00ed L\u00e9ime<\/li>\n<li>Contextualising ageing in Ireland ~ Sheelah Connolly<\/li>\n<li>Citizenship in an age of austerity: towards a constructive politics of ageing ~ Gemma M. Carney<\/li>\n<li>Active ageing: social participation and volunteering in later life ~ \u00c1ine N\u00ed L\u00e9ime and Sheelah Connolly<\/li>\n<li>Pension provision, gender, ageing and work in Ireland ~ \u00c1ine N\u00ed L\u00e9ime, Nata Duvvury and Aoife Callan<\/li>\n<li>Interrogating the \u2018age-friendly community\u2019 in austerity: myths, realities and the influence of place context ~ Kieran Walsh<\/li>\n<li>Reframing policy for dementia in Ireland ~ Eamon O\u2019Shea, Suzanne Cahill and Maria Pierce<\/li>\n<li>Between inclusion and exclusion in later life ~ Thomas Scharf and Kieran Walsh<\/li>\n<li>Conclusion \u2013 beyond austerity: critical issues for future policy ~ Gemma M. Carney, Kieran Walsh and \u00c1ine N\u00ed L\u00e9ime<\/li>\n<li>Afterword: Austerity policies and new forms of solidarity ~ Chris Phillipson<\/li>\n<\/ul>\n<p>Further information on this book is available on the <a href=\"http:\/\/www.policypress.co.uk\/display.asp?ISB=9781447316237&amp;\" target=\"_blank\">Policy Press<\/a> website.<\/p>\n<p>Read an online article relating to the book: <a href=\"http:\/\/www.thejournal.ie\/readme\/growing-older-austerity-2079392-May2015\/\" target=\"_blank\">What has it really been like for older people during austerity?<\/a>, by Kieran Walsh<\/p>\n<p>&nbsp;<\/p>\n<div id=\"themify_builder_content-3749\" data-postid=\"3749\" class=\"themify_builder_content themify_builder_content-3749 themify_builder\">\n    <\/div>\n<!-- \/themify_builder_content -->","protected":false},"excerpt":{"rendered":"<p>Ageing through austerity: Critical perspectives from Ireland, edited by Kieran Walsh, Gemma M Carney and \u00c1ine N\u00ed L\u00e9ime, Published in March 2015 by Policy Press Contents: Foreword ~ Alan Walker Introduction &#8211; social policy and ageing through austerity ~ Kieran Walsh, Gemma M. Carney and \u00c1ine N\u00ed L\u00e9ime Contextualising ageing in Ireland ~ Sheelah Connolly [&hellip;]<\/p>\n","protected":false},"author":2,"featured_media":0,"parent":176,"menu_order":0,"comment_status":"open","ping_status":"open","template":"","meta":{"_monsterinsights_skip_tracking":false,"_monsterinsights_sitenote_active":false,"_monsterinsights_sitenote_note":"","_monsterinsights_sitenote_category":0,"_uf_show_specific_survey":0,"_uf_disable_surveys":false,"footnotes":""},"class_list":["post-3749","page","type-page","status-publish","hentry","no-post-title","no-post-date","has-post-category","has-post-tag","has-post-comment","has-post-author",""],"builder_content":"","_links":{"self":[{"href":"https:\/\/www.ark.ac.uk\/ap\/wp-json\/wp\/v2\/pages\/3749","targetHints":{"allow":["GET"]}}],"collection":[{"href":"https:\/\/www.ark.ac.uk\/ap\/wp-json\/wp\/v2\/pages"}],"about":[{"href":"https:\/\/www.ark.ac.uk\/ap\/wp-json\/wp\/v2\/types\/page"}],"author":[{"embeddable":true,"href":"https:\/\/www.ark.ac.uk\/ap\/wp-json\/wp\/v2\/users\/2"}],"replies":[{"embeddable":true,"href":"https:\/\/www.ark.ac.uk\/ap\/wp-json\/wp\/v2\/comments?post=3749"}],"version-history":[{"count":6,"href":"https:\/\/www.ark.ac.uk\/ap\/wp-json\/wp\/v2\/pages\/3749\/revisions"}],"predecessor-version":[{"id":3791,"href":"https:\/\/www.ark.ac.uk\/ap\/wp-json\/wp\/v2\/pages\/3749\/revisions\/3791"}],"up":[{"embeddable":true,"href":"https:\/\/www.ark.ac.uk\/ap\/wp-json\/wp\/v2\/pages\/176"}],"wp:attachment":[{"href":"https:\/\/www.ark.ac.uk\/ap\/wp-json\/wp\/v2\/media?parent=3749"}],"curies":[{"name":"wp","href":"https:\/\/api.w.org\/{rel}","templated":true}]}}